{"id":2568,"date":"2018-07-03T12:32:47","date_gmt":"2018-07-03T12:32:47","guid":{"rendered":"http:\/\/ucanbalondunyasi.com\/?page_id=2568"},"modified":"2025-08-06T19:07:42","modified_gmt":"2025-08-06T19:07:42","slug":"mezuniyet-etkinlikleri","status":"publish","type":"page","link":"https:\/\/ucanbalondunyasi.com\/index.php\/mezuniyet-etkinlikleri\/","title":{"rendered":"Mezuniyet etkinlikleri"},"content":{"rendered":"<h5>2024-2025 \u00f6\u011frenim y\u0131l\u0131 faaliyetlerini sonland\u0131rarak g\u00fczel bir tatil kazanman\u0131n mutlulu\u011fu i\u00e7erisindeki ge\u00e7 arkada\u015flara<\/h5>\n<h5 style=\"text-align: center;\">Ba\u015far\u0131lar diliyorum. Haydi gelece\u011finiz ba\u015far\u0131larla dolu olsun&#8230;<\/h5>\n<div style=\"width: 848px;\" class=\"wp-video\"><!--[if lt IE 9]><script>document.createElement('video');<\/script><![endif]-->\n<video class=\"wp-video-shortcode\" id=\"video-2568-1\" width=\"848\" height=\"480\" preload=\"metadata\" controls=\"controls\"><source type=\"video\/mp4\" src=\"https:\/\/ucanbalondunyasi.com\/wp-content\/uploads\/2025\/08\/WhatsApp-Video-2025-07-27-at-20.08.19.mp4?_=1\" \/><a href=\"https:\/\/ucanbalondunyasi.com\/wp-content\/uploads\/2025\/08\/WhatsApp-Video-2025-07-27-at-20.08.19.mp4\">https:\/\/ucanbalondunyasi.com\/wp-content\/uploads\/2025\/08\/WhatsApp-Video-2025-07-27-at-20.08.19.mp4<\/a><\/video><\/div>\n\n\n<p><\/p>\n<div class=\"pvc_clear\"><\/div><p id=\"pvc_stats_2568\" class=\"pvc_stats all  \" data-element-id=\"2568\" style=\"\"><i class=\"pvc-stats-icon medium\" aria-hidden=\"true\"><svg aria-hidden=\"true\" focusable=\"false\" data-prefix=\"far\" data-icon=\"chart-bar\" role=\"img\" xmlns=\"http:\/\/www.w3.org\/2000\/svg\" viewBox=\"0 0 512 512\" class=\"svg-inline--fa fa-chart-bar fa-w-16 fa-2x\"><path fill=\"currentColor\" d=\"M396.8 352h22.4c6.4 0 12.8-6.4 12.8-12.8V108.8c0-6.4-6.4-12.8-12.8-12.8h-22.4c-6.4 0-12.8 6.4-12.8 12.8v230.4c0 6.4 6.4 12.8 12.8 12.8zm-192 0h22.4c6.4 0 12.8-6.4 12.8-12.8V140.8c0-6.4-6.4-12.8-12.8-12.8h-22.4c-6.4 0-12.8 6.4-12.8 12.8v198.4c0 6.4 6.4 12.8 12.8 12.8zm96 0h22.4c6.4 0 12.8-6.4 12.8-12.8V204.8c0-6.4-6.4-12.8-12.8-12.8h-22.4c-6.4 0-12.8 6.4-12.8 12.8v134.4c0 6.4 6.4 12.8 12.8 12.8zM496 400H48V80c0-8.84-7.16-16-16-16H16C7.16 64 0 71.16 0 80v336c0 17.67 14.33 32 32 32h464c8.84 0 16-7.16 16-16v-16c0-8.84-7.16-16-16-16zm-387.2-48h22.4c6.4 0 12.8-6.4 12.8-12.8v-70.4c0-6.4-6.4-12.8-12.8-12.8h-22.4c-6.4 0-12.8 6.4-12.8 12.8v70.4c0 6.4 6.4 12.8 12.8 12.8z\" class=\"\"><\/path><\/svg><\/i> <img src=\"https:\/\/ucanbalondunyasi.com\/wp-content\/plugins\/page-views-count\/ajax-loader.gif\" border=0 \/><\/p><div class=\"pvc_clear\"><\/div>","protected":false},"excerpt":{"rendered":"<p>2024-2025 \u00f6\u011frenim y\u0131l\u0131 faaliyetlerini sonland\u0131rarak g\u00fczel bir tatil kazanman\u0131n mutlulu\u011fu i\u00e7erisindeki ge\u00e7 arkada\u015flara Ba\u015far\u0131lar diliyorum. Haydi gelece\u011finiz ba\u015far\u0131larla dolu olsun&#8230;<\/p>\n<div class=\"pvc_clear\"><\/div>\n<p id=\"pvc_stats_2568\" class=\"pvc_stats all  \" data-element-id=\"2568\" style=\"\"><i class=\"pvc-stats-icon medium\" aria-hidden=\"true\"><svg aria-hidden=\"true\" focusable=\"false\" data-prefix=\"far\" data-icon=\"chart-bar\" role=\"img\" xmlns=\"http:\/\/www.w3.org\/2000\/svg\" viewBox=\"0 0 512 512\" class=\"svg-inline--fa fa-chart-bar fa-w-16 fa-2x\"><path fill=\"currentColor\" d=\"M396.8 352h22.4c6.4 0 12.8-6.4 12.8-12.8V108.8c0-6.4-6.4-12.8-12.8-12.8h-22.4c-6.4 0-12.8 6.4-12.8 12.8v230.4c0 6.4 6.4 12.8 12.8 12.8zm-192 0h22.4c6.4 0 12.8-6.4 12.8-12.8V140.8c0-6.4-6.4-12.8-12.8-12.8h-22.4c-6.4 0-12.8 6.4-12.8 12.8v198.4c0 6.4 6.4 12.8 12.8 12.8zm96 0h22.4c6.4 0 12.8-6.4 12.8-12.8V204.8c0-6.4-6.4-12.8-12.8-12.8h-22.4c-6.4 0-12.8 6.4-12.8 12.8v134.4c0 6.4 6.4 12.8 12.8 12.8zM496 400H48V80c0-8.84-7.16-16-16-16H16C7.16 64 0 71.16 0 80v336c0 17.67 14.33 32 32 32h464c8.84 0 16-7.16 16-16v-16c0-8.84-7.16-16-16-16zm-387.2-48h22.4c6.4 0 12.8-6.4 12.8-12.8v-70.4c0-6.4-6.4-12.8-12.8-12.8h-22.4c-6.4 0-12.8 6.4-12.8 12.8v70.4c0 6.4 6.4 12.8 12.8 12.8z\" class=\"\"><\/path><\/svg><\/i> <img src=\"https:\/\/ucanbalondunyasi.com\/wp-content\/plugins\/page-views-count\/ajax-loader.gif\" border=0 \/><\/p>\n<div class=\"pvc_clear\"><\/div>\n","protected":false},"author":1,"featured_media":0,"parent":0,"menu_order":0,"comment_status":"closed","ping_status":"closed","template":"","meta":[],"_links":{"self":[{"href":"https:\/\/ucanbalondunyasi.com\/index.php\/wp-json\/wp\/v2\/pages\/2568"}],"collection":[{"href":"https:\/\/ucanbalondunyasi.com\/index.php\/wp-json\/wp\/v2\/pages"}],"about":[{"href":"https:\/\/ucanbalondunyasi.com\/index.php\/wp-json\/wp\/v2\/types\/page"}],"author":[{"embeddable":true,"href":"https:\/\/ucanbalondunyasi.com\/index.php\/wp-json\/wp\/v2\/users\/1"}],"replies":[{"embeddable":true,"href":"https:\/\/ucanbalondunyasi.com\/index.php\/wp-json\/wp\/v2\/comments?post=2568"}],"version-history":[{"count":4,"href":"https:\/\/ucanbalondunyasi.com\/index.php\/wp-json\/wp\/v2\/pages\/2568\/revisions"}],"predecessor-version":[{"id":3104,"href":"https:\/\/ucanbalondunyasi.com\/index.php\/wp-json\/wp\/v2\/pages\/2568\/revisions\/3104"}],"wp:attachment":[{"href":"https:\/\/ucanbalondunyasi.com\/index.php\/wp-json\/wp\/v2\/media?parent=2568"}],"curies":[{"name":"wp","href":"https:\/\/api.w.org\/{rel}","templated":true}]}}