{"id":1565,"date":"2016-11-24T05:48:14","date_gmt":"2016-11-24T05:48:14","guid":{"rendered":"http:\/\/ucanbalondunyasi.com\/?page_id=1565"},"modified":"2016-12-10T01:19:32","modified_gmt":"2016-12-10T01:19:32","slug":"dugun-organizasyon","status":"publish","type":"page","link":"https:\/\/ucanbalondunyasi.com\/index.php\/dugun-organizasyon\/","title":{"rendered":"D\u00fc\u011f\u00fcn Organizasyon"},"content":{"rendered":"<div class='avia-gallery avia-gallery-1 avia_lazyload avia_animate_when_visible '  itemscope=\"itemscope\" itemtype=\"https:\/\/schema.org\/ImageObject\" ><div class='avia-gallery-thumb'> <a href='https:\/\/ucanbalondunyasi.com\/wp-content\/uploads\/2016\/11\/IMG_0241-2-400x300.jpg' data-rel='gallery-1' data-prev-img='https:\/\/ucanbalondunyasi.com\/wp-content\/uploads\/2016\/11\/IMG_0241-2-495x400.jpg' class='first_thumb lightbox ' data-onclick='1' title=''  itemprop=\"contentURL\" ><img  src='https:\/\/ucanbalondunyasi.com\/wp-content\/uploads\/2016\/11\/IMG_0241-2-495x400.jpg' width='495' height='400'  title='img_0241' alt='' \/><\/a> <a href='https:\/\/ucanbalondunyasi.com\/wp-content\/uploads\/2016\/11\/IMG_0349-400x300.jpg' data-rel='gallery-1' data-prev-img='https:\/\/ucanbalondunyasi.com\/wp-content\/uploads\/2016\/11\/IMG_0349-495x400.jpg' class='lightbox ' data-onclick='2' title=''  itemprop=\"contentURL\" ><img  src='https:\/\/ucanbalondunyasi.com\/wp-content\/uploads\/2016\/11\/IMG_0349-495x400.jpg' width='495' height='400'  title='img_0349' alt='' \/><\/a> <a href='https:\/\/ucanbalondunyasi.com\/wp-content\/uploads\/2016\/11\/IMG_0351-400x300.jpg' data-rel='gallery-1' data-prev-img='https:\/\/ucanbalondunyasi.com\/wp-content\/uploads\/2016\/11\/IMG_0351-495x400.jpg' class='lightbox ' data-onclick='3' title=''  itemprop=\"contentURL\" ><img  src='https:\/\/ucanbalondunyasi.com\/wp-content\/uploads\/2016\/11\/IMG_0351-495x400.jpg' width='495' height='400'  title='img_0351' alt='' \/><\/a> <a href='https:\/\/ucanbalondunyasi.com\/wp-content\/uploads\/2016\/11\/IMG_0516-533x300.jpg' data-rel='gallery-1' data-prev-img='https:\/\/ucanbalondunyasi.com\/wp-content\/uploads\/2016\/11\/IMG_0516-495x400.jpg' class='lightbox ' data-onclick='4' title=''  itemprop=\"contentURL\" ><img  src='https:\/\/ucanbalondunyasi.com\/wp-content\/uploads\/2016\/11\/IMG_0516-495x400.jpg' width='495' height='400'  title='img_0516' alt='' \/><\/a> <a href='https:\/\/ucanbalondunyasi.com\/wp-content\/uploads\/2016\/11\/IMG_0517-533x300.jpg' data-rel='gallery-1' data-prev-img='https:\/\/ucanbalondunyasi.com\/wp-content\/uploads\/2016\/11\/IMG_0517-495x400.jpg' class='lightbox ' data-onclick='5' title=''  itemprop=\"contentURL\" ><img  src='https:\/\/ucanbalondunyasi.com\/wp-content\/uploads\/2016\/11\/IMG_0517-495x400.jpg' width='495' height='400'  title='img_0517' alt='' \/><\/a> <a href='https:\/\/ucanbalondunyasi.com\/wp-content\/uploads\/2016\/11\/IMG_0518-533x300.jpg' data-rel='gallery-1' data-prev-img='https:\/\/ucanbalondunyasi.com\/wp-content\/uploads\/2016\/11\/IMG_0518-495x400.jpg' class='lightbox ' data-onclick='6' title=''  itemprop=\"contentURL\" ><img  src='https:\/\/ucanbalondunyasi.com\/wp-content\/uploads\/2016\/11\/IMG_0518-495x400.jpg' width='495' height='400'  title='img_0518' alt='' \/><\/a> <a href='https:\/\/ucanbalondunyasi.com\/wp-content\/uploads\/2016\/11\/IMG_0519-533x300.jpg' data-rel='gallery-1' data-prev-img='https:\/\/ucanbalondunyasi.com\/wp-content\/uploads\/2016\/11\/IMG_0519-495x400.jpg' class='lightbox ' data-onclick='7' title=''  itemprop=\"contentURL\" ><img  src='https:\/\/ucanbalondunyasi.com\/wp-content\/uploads\/2016\/11\/IMG_0519-495x400.jpg' width='495' height='400'  title='img_0519' alt='' \/><\/a><\/div><\/div>\n<div class=\"pvc_clear\"><\/div>\n<p id=\"pvc_stats_1565\" class=\"pvc_stats all  \" data-element-id=\"1565\" style=\"\"><i class=\"pvc-stats-icon medium\" aria-hidden=\"true\"><svg aria-hidden=\"true\" focusable=\"false\" data-prefix=\"far\" data-icon=\"chart-bar\" role=\"img\" xmlns=\"http:\/\/www.w3.org\/2000\/svg\" viewBox=\"0 0 512 512\" class=\"svg-inline--fa fa-chart-bar fa-w-16 fa-2x\"><path fill=\"currentColor\" d=\"M396.8 352h22.4c6.4 0 12.8-6.4 12.8-12.8V108.8c0-6.4-6.4-12.8-12.8-12.8h-22.4c-6.4 0-12.8 6.4-12.8 12.8v230.4c0 6.4 6.4 12.8 12.8 12.8zm-192 0h22.4c6.4 0 12.8-6.4 12.8-12.8V140.8c0-6.4-6.4-12.8-12.8-12.8h-22.4c-6.4 0-12.8 6.4-12.8 12.8v198.4c0 6.4 6.4 12.8 12.8 12.8zm96 0h22.4c6.4 0 12.8-6.4 12.8-12.8V204.8c0-6.4-6.4-12.8-12.8-12.8h-22.4c-6.4 0-12.8 6.4-12.8 12.8v134.4c0 6.4 6.4 12.8 12.8 12.8zM496 400H48V80c0-8.84-7.16-16-16-16H16C7.16 64 0 71.16 0 80v336c0 17.67 14.33 32 32 32h464c8.84 0 16-7.16 16-16v-16c0-8.84-7.16-16-16-16zm-387.2-48h22.4c6.4 0 12.8-6.4 12.8-12.8v-70.4c0-6.4-6.4-12.8-12.8-12.8h-22.4c-6.4 0-12.8 6.4-12.8 12.8v70.4c0 6.4 6.4 12.8 12.8 12.8z\" class=\"\"><\/path><\/svg><\/i> <img src=\"https:\/\/ucanbalondunyasi.com\/wp-content\/plugins\/page-views-count\/ajax-loader.gif\" border=0 \/><\/p>\n<div class=\"pvc_clear\"><\/div>\n","protected":false},"excerpt":{"rendered":"<div class=\"pvc_clear\"><\/div>\n<p id=\"pvc_stats_1565\" class=\"pvc_stats all  \" data-element-id=\"1565\" style=\"\"><i class=\"pvc-stats-icon medium\" aria-hidden=\"true\"><svg aria-hidden=\"true\" focusable=\"false\" data-prefix=\"far\" data-icon=\"chart-bar\" role=\"img\" xmlns=\"http:\/\/www.w3.org\/2000\/svg\" viewBox=\"0 0 512 512\" class=\"svg-inline--fa fa-chart-bar fa-w-16 fa-2x\"><path fill=\"currentColor\" d=\"M396.8 352h22.4c6.4 0 12.8-6.4 12.8-12.8V108.8c0-6.4-6.4-12.8-12.8-12.8h-22.4c-6.4 0-12.8 6.4-12.8 12.8v230.4c0 6.4 6.4 12.8 12.8 12.8zm-192 0h22.4c6.4 0 12.8-6.4 12.8-12.8V140.8c0-6.4-6.4-12.8-12.8-12.8h-22.4c-6.4 0-12.8 6.4-12.8 12.8v198.4c0 6.4 6.4 12.8 12.8 12.8zm96 0h22.4c6.4 0 12.8-6.4 12.8-12.8V204.8c0-6.4-6.4-12.8-12.8-12.8h-22.4c-6.4 0-12.8 6.4-12.8 12.8v134.4c0 6.4 6.4 12.8 12.8 12.8zM496 400H48V80c0-8.84-7.16-16-16-16H16C7.16 64 0 71.16 0 80v336c0 17.67 14.33 32 32 32h464c8.84 0 16-7.16 16-16v-16c0-8.84-7.16-16-16-16zm-387.2-48h22.4c6.4 0 12.8-6.4 12.8-12.8v-70.4c0-6.4-6.4-12.8-12.8-12.8h-22.4c-6.4 0-12.8 6.4-12.8 12.8v70.4c0 6.4 6.4 12.8 12.8 12.8z\" class=\"\"><\/path><\/svg><\/i> <img src=\"https:\/\/ucanbalondunyasi.com\/wp-content\/plugins\/page-views-count\/ajax-loader.gif\" border=0 \/><\/p>\n<div class=\"pvc_clear\"><\/div>\n","protected":false},"author":1,"featured_media":0,"parent":0,"menu_order":0,"comment_status":"closed","ping_status":"closed","template":"","meta":[],"_links":{"self":[{"href":"https:\/\/ucanbalondunyasi.com\/index.php\/wp-json\/wp\/v2\/pages\/1565"}],"collection":[{"href":"https:\/\/ucanbalondunyasi.com\/index.php\/wp-json\/wp\/v2\/pages"}],"about":[{"href":"https:\/\/ucanbalondunyasi.com\/index.php\/wp-json\/wp\/v2\/types\/page"}],"author":[{"embeddable":true,"href":"https:\/\/ucanbalondunyasi.com\/index.php\/wp-json\/wp\/v2\/users\/1"}],"replies":[{"embeddable":true,"href":"https:\/\/ucanbalondunyasi.com\/index.php\/wp-json\/wp\/v2\/comments?post=1565"}],"version-history":[{"count":5,"href":"https:\/\/ucanbalondunyasi.com\/index.php\/wp-json\/wp\/v2\/pages\/1565\/revisions"}],"predecessor-version":[{"id":1991,"href":"https:\/\/ucanbalondunyasi.com\/index.php\/wp-json\/wp\/v2\/pages\/1565\/revisions\/1991"}],"wp:attachment":[{"href":"https:\/\/ucanbalondunyasi.com\/index.php\/wp-json\/wp\/v2\/media?parent=1565"}],"curies":[{"name":"wp","href":"https:\/\/api.w.org\/{rel}","templated":true}]}}