{"id":1352,"date":"2016-11-17T21:23:50","date_gmt":"2016-11-17T21:23:50","guid":{"rendered":"http:\/\/ucanbalondunyasi.com\/?page_id=1352"},"modified":"2016-12-10T01:15:40","modified_gmt":"2016-12-10T01:15:40","slug":"dogum-odasi-susleme-organizasyonu","status":"publish","type":"page","link":"https:\/\/ucanbalondunyasi.com\/index.php\/dogum-odasi-susleme-organizasyonu\/","title":{"rendered":"Do\u011fum G\u00fcn\u00fc"},"content":{"rendered":"<div class='avia-gallery avia-gallery-1 avia_lazyload avia_animate_when_visible '  itemscope=\"itemscope\" itemtype=\"https:\/\/schema.org\/ImageObject\" ><div class='avia-gallery-thumb'> <a href='https:\/\/ucanbalondunyasi.com\/wp-content\/uploads\/2016\/11\/a-1103-398x250.jpg' data-rel='gallery-1' data-prev-img='https:\/\/ucanbalondunyasi.com\/wp-content\/uploads\/2016\/11\/a-1103-495x400.jpg' class='first_thumb lightbox ' data-onclick='1' title=''  itemprop=\"contentURL\" ><img  src='https:\/\/ucanbalondunyasi.com\/wp-content\/uploads\/2016\/11\/a-1103-495x400.jpg' width='495' height='400'  title='a-1103' alt='' \/><\/a> <a href='https:\/\/ucanbalondunyasi.com\/wp-content\/uploads\/2016\/11\/a-1113-1-333x250.jpg' data-rel='gallery-1' data-prev-img='https:\/\/ucanbalondunyasi.com\/wp-content\/uploads\/2016\/11\/a-1113-1-495x400.jpg' class='lightbox ' data-onclick='2' title=''  itemprop=\"contentURL\" ><img  src='https:\/\/ucanbalondunyasi.com\/wp-content\/uploads\/2016\/11\/a-1113-1-495x400.jpg' width='495' height='400'  title='a-1113' alt='' \/><\/a> <a href='https:\/\/ucanbalondunyasi.com\/wp-content\/uploads\/2016\/11\/AS\u0130L-274-1-333x250.jpg' data-rel='gallery-1' data-prev-img='https:\/\/ucanbalondunyasi.com\/wp-content\/uploads\/2016\/11\/AS\u0130L-274-1-495x400.jpg' class='lightbox ' data-onclick='3' title=''  itemprop=\"contentURL\" ><img  src='https:\/\/ucanbalondunyasi.com\/wp-content\/uploads\/2016\/11\/AS\u0130L-274-1-495x400.jpg' width='495' height='400'  title='asil-274' alt='' \/><\/a> <a href='https:\/\/ucanbalondunyasi.com\/wp-content\/uploads\/2016\/11\/AS\u0130L-289-1-333x250.jpg' data-rel='gallery-1' data-prev-img='https:\/\/ucanbalondunyasi.com\/wp-content\/uploads\/2016\/11\/AS\u0130L-289-1-495x400.jpg' class='lightbox ' data-onclick='4' title=''  itemprop=\"contentURL\" ><img  src='https:\/\/ucanbalondunyasi.com\/wp-content\/uploads\/2016\/11\/AS\u0130L-289-1-495x400.jpg' width='495' height='400'  title='asil-289' alt='' \/><\/a> <a href='https:\/\/ucanbalondunyasi.com\/wp-content\/uploads\/2016\/11\/AS\u0130L-290-1-333x250.jpg' data-rel='gallery-1' data-prev-img='https:\/\/ucanbalondunyasi.com\/wp-content\/uploads\/2016\/11\/AS\u0130L-290-1-495x400.jpg' class='lightbox ' data-onclick='5' title=''  itemprop=\"contentURL\" ><img  src='https:\/\/ucanbalondunyasi.com\/wp-content\/uploads\/2016\/11\/AS\u0130L-290-1-495x400.jpg' width='495' height='400'  title='asil-290' alt='' \/><\/a> <a href='https:\/\/ucanbalondunyasi.com\/wp-content\/uploads\/2016\/11\/AS\u0130L-291-1-333x250.jpg' data-rel='gallery-1' data-prev-img='https:\/\/ucanbalondunyasi.com\/wp-content\/uploads\/2016\/11\/AS\u0130L-291-1-495x400.jpg' class='lightbox ' data-onclick='6' title=''  itemprop=\"contentURL\" ><img  src='https:\/\/ucanbalondunyasi.com\/wp-content\/uploads\/2016\/11\/AS\u0130L-291-1-495x400.jpg' width='495' height='400'  title='asil-291' alt='' \/><\/a> <a href='https:\/\/ucanbalondunyasi.com\/wp-content\/uploads\/2016\/11\/AS\u0130L-292-1-333x250.jpg' data-rel='gallery-1' data-prev-img='https:\/\/ucanbalondunyasi.com\/wp-content\/uploads\/2016\/11\/AS\u0130L-292-1-495x400.jpg' class='lightbox ' data-onclick='7' title=''  itemprop=\"contentURL\" ><img  src='https:\/\/ucanbalondunyasi.com\/wp-content\/uploads\/2016\/11\/AS\u0130L-292-1-495x400.jpg' width='495' height='400'  title='asil-292' alt='' \/><\/a> <a href='https:\/\/ucanbalondunyasi.com\/wp-content\/uploads\/2016\/11\/IMG_0634-333x250.jpg' data-rel='gallery-1' data-prev-img='https:\/\/ucanbalondunyasi.com\/wp-content\/uploads\/2016\/11\/IMG_0634-495x400.jpg' class='lightbox ' data-onclick='8' title=''  itemprop=\"contentURL\" ><img  src='https:\/\/ucanbalondunyasi.com\/wp-content\/uploads\/2016\/11\/IMG_0634-495x400.jpg' width='495' height='400'  title='img_0634' alt='' \/><\/a> <a href='https:\/\/ucanbalondunyasi.com\/wp-content\/uploads\/2016\/11\/IMG_1087-333x250.jpg' data-rel='gallery-1' data-prev-img='https:\/\/ucanbalondunyasi.com\/wp-content\/uploads\/2016\/11\/IMG_1087-495x400.jpg' class='lightbox ' data-onclick='9' title=''  itemprop=\"contentURL\" ><img  src='https:\/\/ucanbalondunyasi.com\/wp-content\/uploads\/2016\/11\/IMG_1087-495x400.jpg' width='495' height='400'  title='img_1087' alt='' \/><\/a><\/div><\/div>\n<div class=\"pvc_clear\"><\/div>\n<p id=\"pvc_stats_1352\" class=\"pvc_stats all  \" data-element-id=\"1352\" style=\"\"><i class=\"pvc-stats-icon medium\" aria-hidden=\"true\"><svg aria-hidden=\"true\" focusable=\"false\" data-prefix=\"far\" data-icon=\"chart-bar\" role=\"img\" xmlns=\"http:\/\/www.w3.org\/2000\/svg\" viewBox=\"0 0 512 512\" class=\"svg-inline--fa fa-chart-bar fa-w-16 fa-2x\"><path fill=\"currentColor\" d=\"M396.8 352h22.4c6.4 0 12.8-6.4 12.8-12.8V108.8c0-6.4-6.4-12.8-12.8-12.8h-22.4c-6.4 0-12.8 6.4-12.8 12.8v230.4c0 6.4 6.4 12.8 12.8 12.8zm-192 0h22.4c6.4 0 12.8-6.4 12.8-12.8V140.8c0-6.4-6.4-12.8-12.8-12.8h-22.4c-6.4 0-12.8 6.4-12.8 12.8v198.4c0 6.4 6.4 12.8 12.8 12.8zm96 0h22.4c6.4 0 12.8-6.4 12.8-12.8V204.8c0-6.4-6.4-12.8-12.8-12.8h-22.4c-6.4 0-12.8 6.4-12.8 12.8v134.4c0 6.4 6.4 12.8 12.8 12.8zM496 400H48V80c0-8.84-7.16-16-16-16H16C7.16 64 0 71.16 0 80v336c0 17.67 14.33 32 32 32h464c8.84 0 16-7.16 16-16v-16c0-8.84-7.16-16-16-16zm-387.2-48h22.4c6.4 0 12.8-6.4 12.8-12.8v-70.4c0-6.4-6.4-12.8-12.8-12.8h-22.4c-6.4 0-12.8 6.4-12.8 12.8v70.4c0 6.4 6.4 12.8 12.8 12.8z\" class=\"\"><\/path><\/svg><\/i> <img src=\"https:\/\/ucanbalondunyasi.com\/wp-content\/plugins\/page-views-count\/ajax-loader.gif\" border=0 \/><\/p>\n<div class=\"pvc_clear\"><\/div>\n","protected":false},"excerpt":{"rendered":"<div class=\"pvc_clear\"><\/div>\n<p id=\"pvc_stats_1352\" class=\"pvc_stats all  \" data-element-id=\"1352\" style=\"\"><i class=\"pvc-stats-icon medium\" aria-hidden=\"true\"><svg aria-hidden=\"true\" focusable=\"false\" data-prefix=\"far\" data-icon=\"chart-bar\" role=\"img\" xmlns=\"http:\/\/www.w3.org\/2000\/svg\" viewBox=\"0 0 512 512\" class=\"svg-inline--fa fa-chart-bar fa-w-16 fa-2x\"><path fill=\"currentColor\" d=\"M396.8 352h22.4c6.4 0 12.8-6.4 12.8-12.8V108.8c0-6.4-6.4-12.8-12.8-12.8h-22.4c-6.4 0-12.8 6.4-12.8 12.8v230.4c0 6.4 6.4 12.8 12.8 12.8zm-192 0h22.4c6.4 0 12.8-6.4 12.8-12.8V140.8c0-6.4-6.4-12.8-12.8-12.8h-22.4c-6.4 0-12.8 6.4-12.8 12.8v198.4c0 6.4 6.4 12.8 12.8 12.8zm96 0h22.4c6.4 0 12.8-6.4 12.8-12.8V204.8c0-6.4-6.4-12.8-12.8-12.8h-22.4c-6.4 0-12.8 6.4-12.8 12.8v134.4c0 6.4 6.4 12.8 12.8 12.8zM496 400H48V80c0-8.84-7.16-16-16-16H16C7.16 64 0 71.16 0 80v336c0 17.67 14.33 32 32 32h464c8.84 0 16-7.16 16-16v-16c0-8.84-7.16-16-16-16zm-387.2-48h22.4c6.4 0 12.8-6.4 12.8-12.8v-70.4c0-6.4-6.4-12.8-12.8-12.8h-22.4c-6.4 0-12.8 6.4-12.8 12.8v70.4c0 6.4 6.4 12.8 12.8 12.8z\" class=\"\"><\/path><\/svg><\/i> <img src=\"https:\/\/ucanbalondunyasi.com\/wp-content\/plugins\/page-views-count\/ajax-loader.gif\" border=0 \/><\/p>\n<div class=\"pvc_clear\"><\/div>\n","protected":false},"author":1,"featured_media":0,"parent":0,"menu_order":0,"comment_status":"closed","ping_status":"closed","template":"","meta":[],"_links":{"self":[{"href":"https:\/\/ucanbalondunyasi.com\/index.php\/wp-json\/wp\/v2\/pages\/1352"}],"collection":[{"href":"https:\/\/ucanbalondunyasi.com\/index.php\/wp-json\/wp\/v2\/pages"}],"about":[{"href":"https:\/\/ucanbalondunyasi.com\/index.php\/wp-json\/wp\/v2\/types\/page"}],"author":[{"embeddable":true,"href":"https:\/\/ucanbalondunyasi.com\/index.php\/wp-json\/wp\/v2\/users\/1"}],"replies":[{"embeddable":true,"href":"https:\/\/ucanbalondunyasi.com\/index.php\/wp-json\/wp\/v2\/comments?post=1352"}],"version-history":[{"count":6,"href":"https:\/\/ucanbalondunyasi.com\/index.php\/wp-json\/wp\/v2\/pages\/1352\/revisions"}],"predecessor-version":[{"id":1988,"href":"https:\/\/ucanbalondunyasi.com\/index.php\/wp-json\/wp\/v2\/pages\/1352\/revisions\/1988"}],"wp:attachment":[{"href":"https:\/\/ucanbalondunyasi.com\/index.php\/wp-json\/wp\/v2\/media?parent=1352"}],"curies":[{"name":"wp","href":"https:\/\/api.w.org\/{rel}","templated":true}]}}